{"id":649,"date":"2025-02-15T05:22:21","date_gmt":"2025-02-15T05:22:21","guid":{"rendered":"https:\/\/proxyboys.net\/?page_id=649"},"modified":"2025-02-17T08:30:07","modified_gmt":"2025-02-17T08:30:07","slug":"infatica-io-review-residential-isp-and-mobile-proxies-with-global-coverage","status":"publish","type":"page","link":"https:\/\/proxyboys.net\/fr\/proxy-providers\/infatica-io-review-residential-isp-and-mobile-proxies-with-global-coverage\/","title":{"rendered":"Avis sur Infatica.io \u2013 Proxies r\u00e9sidentiels, FAI et mobiles avec couverture mondiale"},"content":{"rendered":"<figure class=\"wp-block-image size-full\"><a href=\"https:\/\/proxyboys.net\/fr\/go\/infatica\/\"><img decoding=\"async\" width=\"1200\" height=\"627\" src=\"https:\/\/proxyboys.net\/wp-content\/uploads\/2025\/02\/Infantica-Review-Featured.png\" alt=\"Critique d&#039;Infantica\" class=\"wp-image-662\" title=\"\" srcset=\"https:\/\/proxyboys.net\/wp-content\/uploads\/2025\/02\/Infantica-Review-Featured.png 1200w, https:\/\/proxyboys.net\/wp-content\/uploads\/2025\/02\/Infantica-Review-Featured-640x334.png 640w, https:\/\/proxyboys.net\/wp-content\/uploads\/2025\/02\/Infantica-Review-Featured-768x401.png 768w, https:\/\/proxyboys.net\/wp-content\/uploads\/2025\/02\/Infantica-Review-Featured-18x9.png 18w\" sizes=\"(max-width: 1200px) 100vw, 1200px\" \/><\/a><\/figure>\n\n\n\n<h2 class=\"wp-block-heading\"><strong><strong>Infatica.io \u2013 Fournisseur mondial de proxy avec des solutions de qualit\u00e9 professionnelle<\/strong><\/strong><\/h2>\n\n\n\n<p>Fond\u00e9e en <strong>2019<\/strong> et dont le si\u00e8ge social est situ\u00e9 \u00e0 <strong>Singapour<\/strong>, Infatica.io fournit <strong>proxys r\u00e9sidentiels rotatifs, FAI statiques, mobiles rotatifs et centres de donn\u00e9es statiques priv\u00e9s<\/strong> pour les entreprises et les professionnels qui ont besoin <strong>collecte de donn\u00e9es \u00e0 grande \u00e9chelle, automatisation et ciblage g\u00e9ographique<\/strong>.<\/p>\n\n\n\n<p>\u2705 <strong>Essai de 7 jours<\/strong> avec <strong>1 Go inclus<\/strong> pour juste <strong>$8<\/strong>, permettant aux utilisateurs de tester les services avant de s&#039;engager.<br>? <strong>Politique de remboursement flexible<\/strong>, avec une \u00e9valuation au cas par cas pour les donn\u00e9es non utilis\u00e9es.<br>? <strong>Moyens de paiement :<\/strong> <strong>Carte de cr\u00e9dit, PayPal, Virement bancaire, Crypto-monnaie<\/strong>.<br>? <strong>Assistance disponible<\/strong> via <strong><a href=\"https:\/\/proxyboys.net\/fr\/go\/infatica\/\">Chat en direct<\/a>, E-mail (<a>sales@infatica.io<\/a>), et t\u00e9l\u00e9phone (+1 240-382-3360)<\/strong> pour une r\u00e9solution rapide des probl\u00e8mes.<br>? <strong>Suivez Infatica.io sur les r\u00e9seaux sociaux :<\/strong> <a href=\"https:\/\/www.linkedin.com\/company\/infatica\/\" rel=\"nofollow noopener\" target=\"_blank\">LinkedIn<\/a>, <a href=\"https:\/\/x.com\/infatica\" rel=\"nofollow\">X (Twitter)<\/a>, <a href=\"https:\/\/www.facebook.com\/infatica\/\" rel=\"nofollow noopener\" target=\"_blank\">Facebook<\/a>.<br>\u2b50 <strong>Avis et notes des utilisateurs :<\/strong> <a href=\"https:\/\/www.trustpilot.com\/review\/infatica.io\" rel=\"nofollow noopener\" target=\"_blank\">TrustPilot<\/a>, <a href=\"https:\/\/www.g2.com\/products\/infatica-global-proxy-network\/reviews\" rel=\"nofollow noopener\" target=\"_blank\">G2<\/a>.<\/p>\n\n\n\n<p>Serait <strong>Infatica.io<\/strong> \u00eatre le bon choix pour votre projet ? <strong>Lisez la suite pour le d\u00e9couvrir.<\/strong><\/p>\n\n\n\n<h2 class=\"wp-block-heading\">Pr\u00e9sentation des services proxy d&#039;Infatica.io<\/h2>\n\n\n\n<style>\n  .proxy-table-container {\n    max-width: 600px; \n    margin: 20px 0; \/* \u041e\u0442\u0441\u0442\u0443\u043f \u0441\u0432\u0435\u0440\u0445\u0443 \u0438 \u0441\u043d\u0438\u0437\u0443, \u043f\u0440\u0438\u043b\u0435\u0433\u0430\u043d\u0438\u0435 \u043a \u043b\u0435\u0432\u043e\u043c\u0443 \u043a\u0440\u0430\u044e *\/\n  }\n  .proxy-table {\n    width: 100%;\n    border-collapse: collapse;\n  }\n  .proxy-table th, .proxy-table td {\n    border: 1px solid #ddd;\n    padding: 12px;\n    text-align: left;\n    font-size: 16px;\n  }\n  .proxy-table td:nth-child(2) {\n    text-align: center;\n    width: 80px;\n  }\n  .proxy-table th {\n    background-color: #f8f8f8;\n    font-weight: bold;\n  }\n  .proxy-table tr:nth-child(even) {\n    background-color: #f9f9f9;\n  }\n  .proxy-table .checkmark {\n    font-size: 20px;\n  }\n<\/style>\n\n<div class=\"proxy-table-container\">\n  <table class=\"proxy-table\">\n    <thead>\n      <tr>\n        <th scope=\"col\">Services proxy Infatica.io<\/th>\n        <th scope=\"col\">Disponibilit\u00e9<\/th>\n      <\/tr>\n    <\/thead>\n    <tbody>\n      <tr>\n        <td>Proxys statiques priv\u00e9s pour centres de donn\u00e9es<\/td>\n        <td class=\"checkmark\">\u2705<\/td>\n      <\/tr>\n      <tr>\n        <td>Proxies statiques partag\u00e9s du centre de donn\u00e9es<\/td>\n        <td class=\"checkmark\">\u274c<\/td>\n      <\/tr>\n      <tr>\n        <td>Proxys rotatifs du centre de donn\u00e9es<\/td>\n        <td class=\"checkmark\">\u274c<\/td>\n      <\/tr>\n      <tr>\n        <td>Proxys IPv6 pour centres de donn\u00e9es<\/td>\n        <td class=\"checkmark\">\u274c<\/td>\n      <\/tr>\n      <tr>\n        <td>Proxies r\u00e9sidentiels statiques (FAI)<\/td>\n        <td class=\"checkmark\">\u2705<\/td>\n      <\/tr>\n      <tr>\n        <td>Procurations r\u00e9sidentielles rotatives<\/td>\n        <td class=\"checkmark\">\u2705<\/td>\n      <\/tr>\n      <tr>\n        <td>Proxys statiques mobiles<\/td>\n        <td class=\"checkmark\">\u274c<\/td>\n      <\/tr>\n      <tr>\n        <td>Proxies rotatifs mobiles<\/td>\n        <td class=\"checkmark\">\u2705<\/td>\n      <\/tr>\n    <\/tbody>\n  <\/table>\n<\/div>\n\n\n\n<hr class=\"wp-block-separator has-alpha-channel-opacity\"\/>\n\n\n\n<h2 class=\"wp-block-heading\">Proxies de centre de donn\u00e9es priv\u00e9s Infatica.io \u2013 Stables et non rotatifs <\/h2>\n\n\n\n<p>Infatica.io fournit des proxys de centre de donn\u00e9es statiques pour les utilisateurs qui ont besoin <strong>IP stables et \u00e0 long terme<\/strong> sans rotation. Ces proxies restent inchang\u00e9s pendant au moins 30 jours, ce qui en fait un <strong>coh\u00e9rent<\/strong> et <strong>pr\u00e9visible<\/strong> solution pour diverses activit\u00e9s en ligne.<\/p>\n\n\n\n<h4 class=\"wp-block-heading\"><strong>Caract\u00e9ristiques principales<\/strong><\/h4>\n\n\n\n<ul class=\"wp-block-list\">\n<li><strong>Protocoles :<\/strong> HTTP, SOCKS<\/li>\n\n\n\n<li><strong>Authentification:<\/strong> Liste blanche IP, nom d&#039;utilisateur\/mot de passe<\/li>\n\n\n\n<li><strong>Trafic:<\/strong> Illimit\u00e9<\/li>\n\n\n\n<li><strong>Abonnement minimum :<\/strong> 30 jours<\/li>\n\n\n\n<li><strong>Tarifs :<\/strong> Commence \u00e0 <strong>$2.61 par IP<\/strong>, variant selon les pays (<strong>$1.10 \u2013 $4.12 par IP<\/strong>)<\/li>\n\n\n\n<li><strong>Limite d&#039;authentification IP\u00a0:<\/strong> Plusieurs IP par utilisateur<\/li>\n\n\n\n<li><strong>Couverture mondiale :<\/strong><br>\u00c9tats-Unis, Canada, Mexique, Br\u00e9sil, Kazakhstan, Inde, Turquie, Chine, G\u00e9orgie, Singapour, Cor\u00e9e du Sud, Tha\u00eflande, Malaisie, Cambodge, Ta\u00efwan, Japon, Arm\u00e9nie, Bangladesh, Indon\u00e9sie, \u00c9mirats arabes unis, Australie, Afrique du Sud, Nig\u00e9ria, France, Allemagne, Pays-Bas, Royaume-Uni, Italie, Bulgarie, Lettonie, Pologne, Espagne, Lituanie, R\u00e9publique tch\u00e8que, Su\u00e8de, Belgique, Roumanie, Finlande, Suisse, Portugal, Danemark, Irlande, Malte, Ukraine, Russie.<\/li>\n<\/ul>\n\n\n\n<p>Les proxys de centre de donn\u00e9es statiques d&#039;Infatica.io fournissent une <strong>d\u00e9di\u00e9<\/strong> et <strong>ininterrompu<\/strong> connexion pour les utilisateurs qui ont besoin <strong>\u00e0 long terme<\/strong> acc\u00e8s aux m\u00eames adresses IP. Ces proxys prennent en charge les protocoles HTTP et SOCKS et offrent des m\u00e9thodes d&#039;authentification flexibles. Le prix varie selon l&#039;emplacement, ce qui permet aux utilisateurs de s\u00e9lectionner la meilleure option en fonction de leurs besoins sp\u00e9cifiques.<\/p>\n\n\n\n<p><strong>Avant d&#039;acheter :<\/strong> Infatica.io ne propose pas d&#039;essai pour les proxys de centres de donn\u00e9es priv\u00e9s, il est donc pr\u00e9f\u00e9rable de <mark style=\"background-color:#7bdcb5\" class=\"has-inline-color\">commencer avec un petit nombre d&#039;adresses IP<\/mark> pour tester les performances. Une fois que vous \u00eates satisfait, vous pouvez passer \u00e0 une version sup\u00e9rieure en achetant davantage.<\/p>\n\n\n\n<div class=\"wp-block-buttons is-layout-flex wp-block-buttons-is-layout-flex\">\n<div class=\"wp-block-button\"><a class=\"wp-block-button__link wp-element-button\" href=\"https:\/\/proxyboys.net\/fr\/go\/infatica\/\">Obtenez des proxys de centre de donn\u00e9es statiques<\/a><\/div>\n<\/div>\n\n\n\n<hr class=\"wp-block-separator has-alpha-channel-opacity\"\/>\n\n\n\n<h2 class=\"wp-block-heading\"><strong>Proxies r\u00e9sidentiels Infatica.io \u2013 Solution \u00e9volutive et flexible<\/strong><\/h2>\n\n\n\n<p>Infatica.io propose un pool mondial de proxys r\u00e9sidentiels, fournissant aux utilisateurs de v\u00e9ritables adresses IP \u00e0 partir de v\u00e9ritables appareils. Ces proxys sont particuli\u00e8rement adapt\u00e9s aux t\u00e2ches qui n\u00e9cessitent des connexions stables et un acc\u00e8s \u00e0 du contenu g\u00e9o-restreint. Les utilisateurs peuvent choisir entre la rotation des adresses IP \u00e0 chaque demande ou l&#039;ajustement de l&#039;intervalle de rotation pour des sessions plus longues.<\/p>\n\n\n\n<h4 class=\"wp-block-heading\"><strong>Caract\u00e9ristiques principales<\/strong><\/h4>\n\n\n\n<ul class=\"wp-block-list\">\n<li><strong>Protocoles :<\/strong> HTTP, SOCKS<\/li>\n\n\n\n<li><strong>Authentification:<\/strong> Liste blanche IP, nom d&#039;utilisateur\/mot de passe<\/li>\n\n\n\n<li><strong>Rotation:<\/strong> Chaque demande ou r\u00e9glable<\/li>\n\n\n\n<li><strong>S\u00e9ances longues :<\/strong> Soutenu<\/li>\n\n\n\n<li><strong>Options de ciblage\u00a0:<\/strong> Pays, Ville, FAI<\/li>\n\n\n\n<li><strong>Taille de la piscine :<\/strong> 15 millions d&#039;adresses IP<\/li>\n\n\n\n<li><strong>Couverture mondiale :<\/strong> Disponible dans tous les pays<\/li>\n<\/ul>\n\n\n\n<figure class=\"wp-block-image size-large\"><a href=\"https:\/\/proxyboys.net\/fr\/go\/infatica\/\"><img decoding=\"async\" width=\"1280\" height=\"480\" src=\"https:\/\/proxyboys.net\/wp-content\/uploads\/2025\/02\/image-1280x480.png\" alt=\"Plans r\u00e9sidentiels Infatica\" class=\"wp-image-707\" title=\"\" srcset=\"https:\/\/proxyboys.net\/wp-content\/uploads\/2025\/02\/image-1280x480.png 1280w, https:\/\/proxyboys.net\/wp-content\/uploads\/2025\/02\/image-640x240.png 640w, https:\/\/proxyboys.net\/wp-content\/uploads\/2025\/02\/image-768x288.png 768w, https:\/\/proxyboys.net\/wp-content\/uploads\/2025\/02\/image-18x7.png 18w, https:\/\/proxyboys.net\/wp-content\/uploads\/2025\/02\/image.png 1319w\" sizes=\"(max-width: 1280px) 100vw, 1280px\" \/><\/a><\/figure>\n\n\n\n<h4 class=\"wp-block-heading\"><strong>Mod\u00e8les de tarification<\/strong><\/h4>\n\n\n\n<p>Infatica.io propose deux options de paiement :<\/p>\n\n\n\n<ol class=\"wp-block-list\">\n<li><strong>Paiement \u00e0 l&#039;utilisation :<\/strong>\n<ul class=\"wp-block-list\">\n<li><strong>$8 par Go<\/strong><\/li>\n\n\n\n<li>Aucun abonnement requis, payez uniquement pour les donn\u00e9es que vous utilisez<\/li>\n<\/ul>\n<\/li>\n\n\n\n<li><strong>Formules d&#039;abonnement :<\/strong>\n<ul class=\"wp-block-list\">\n<li><strong>$96 par mois<\/strong> pour <strong>14 Go<\/strong> (\u00e9quivalent \u00e0 <strong>$6,85 par Go<\/strong>)<\/li>\n\n\n\n<li>Convient aux utilisateurs ayant des besoins proxy continus qui souhaitent un meilleur d\u00e9bit par Go<\/li>\n\n\n\n<li><strong>Note:<\/strong> Il s\u2019agit du forfait d\u2019abonnement le plus abordable. Des forfaits de niveau sup\u00e9rieur avec plus de donn\u00e9es sont \u00e9galement disponibles.<\/li>\n<\/ul>\n<\/li>\n<\/ol>\n\n\n\n<p><\/p>\n\n\n\n<p><strong>Avant d&#039;acheter<\/strong>: \u00c9tant donn\u00e9 qu&#039;Infatica.io propose une <mark style=\"background-color:#7bdcb5\" class=\"has-inline-color\">Essai payant de 7 jours (1 Go pour $8)<\/mark>, il est recommand\u00e9 de commencer par cette option pour \u00e9valuer les performances du proxy avant de s&#039;engager dans un plan plus important. Cette option d&#039;essai sera disponible apr\u00e8s connexion \u00e0 votre compte.<\/p>\n\n\n\n<div class=\"wp-block-buttons is-layout-flex wp-block-buttons-is-layout-flex\">\n<div class=\"wp-block-button\"><a class=\"wp-block-button__link wp-element-button\" href=\"https:\/\/proxyboys.net\/fr\/go\/infatica\/\">Obtenez des proxys r\u00e9sidentiels rotatifs<\/a><\/div>\n<\/div>\n\n\n\n<hr class=\"wp-block-separator has-alpha-channel-opacity\"\/>\n\n\n\n<h2 class=\"wp-block-heading\">Proxies ISP Infatica.io \u2013 Rapides, stables et de type r\u00e9sidentiel<\/h2>\n\n\n\n<p>Infatica.io <strong>Proxies FAI (r\u00e9sidentiels statiques)<\/strong> combinent la stabilit\u00e9 et la vitesse des proxys de centre de donn\u00e9es avec l&#039;authenticit\u00e9 des adresses IP r\u00e9sidentielles. Ces proxys ne tournent pas, ce qui les rend id\u00e9aux pour les t\u00e2ches n\u00e9cessitant <strong>coh\u00e9rent<\/strong> Adresses IP tout en b\u00e9n\u00e9ficiant d&#039;un ASN r\u00e9sidentiel.<\/p>\n\n\n\n<h4 class=\"wp-block-heading\"><strong>Caract\u00e9ristiques principales<\/strong><\/h4>\n\n\n\n<ul class=\"wp-block-list\">\n<li><strong>Protocoles :<\/strong> HTTP, SOCKS<\/li>\n\n\n\n<li><strong>Authentification:<\/strong> Nom d&#039;utilisateur\/Mot de passe<\/li>\n\n\n\n<li><strong>Trafic:<\/strong> Illimit\u00e9<\/li>\n\n\n\n<li><strong>Tarifs :<\/strong> <strong>$5 par IP<\/strong><\/li>\n\n\n\n<li><strong>Abonnement minimum :<\/strong> 30 jours<\/li>\n\n\n\n<li><strong>Emplacements disponibles :<\/strong> \u00c9tats-Unis, Canada, Ukraine, Lettonie, Lituanie, Royaume-Uni, Allemagne, Pays-Bas, Roumanie, Pologne, France, Italie, Br\u00e9sil, Inde, Tha\u00eflande<\/li>\n<\/ul>\n\n\n\n<p>Les proxys FAI sont un <strong>excellent choix pour les projets n\u00e9cessitant des IP r\u00e9sidentielles stables<\/strong>, comme le commerce \u00e9lectronique, la gestion de compte et l&#039;automatisation. Contrairement aux proxys r\u00e9sidentiels rotatifs, les proxys FAI fournissent une <strong>persistant<\/strong> Adresse IP, garantissant un fonctionnement fluide sur les plateformes qui suivent les sessions des utilisateurs.<\/p>\n\n\n\n<figure class=\"wp-block-image size-full\"><a href=\"https:\/\/proxyboys.net\/fr\/go\/infatica\/\"><img decoding=\"async\" width=\"757\" height=\"413\" src=\"https:\/\/proxyboys.net\/wp-content\/uploads\/2025\/02\/image-1.png\" alt=\"Ajouter au panier les proxies FAI d&#039;Infatica\" class=\"wp-image-713\" title=\"\" srcset=\"https:\/\/proxyboys.net\/wp-content\/uploads\/2025\/02\/image-1.png 757w, https:\/\/proxyboys.net\/wp-content\/uploads\/2025\/02\/image-1-640x349.png 640w, https:\/\/proxyboys.net\/wp-content\/uploads\/2025\/02\/image-1-18x10.png 18w\" sizes=\"(max-width: 757px) 100vw, 757px\" \/><\/a><\/figure>\n\n\n\n<p><strong>Avant d&#039;acheter<\/strong>: Infatica.io ne propose pas d&#039;essai pour les proxys FAI. Pour \u00e9valuer leur r\u00e9seau, <mark style=\"background-color:#7bdcb5\" class=\"has-inline-color\">envisagez de commencer avec un petit lot d&#039;adresses IP<\/mark>. <\/p>\n\n\n\n<div class=\"wp-block-buttons is-layout-flex wp-block-buttons-is-layout-flex\">\n<div class=\"wp-block-button\"><a class=\"wp-block-button__link wp-element-button\" href=\"https:\/\/proxyboys.net\/fr\/go\/infatica\/\">Obtenir des proxys FAI<\/a><\/div>\n<\/div>\n\n\n\n<hr class=\"wp-block-separator has-alpha-channel-opacity\"\/>\n\n\n\n<h2 class=\"wp-block-heading\">Proxies mobiles rotatifs Infatica.io \u2013 IP dynamiques et hautement fiables<\/h2>\n\n\n\n<p>Infatica.io <strong>proxys mobiles rotatifs<\/strong> fournissent des adresses IP hautement fiables provenant de v\u00e9ritables r\u00e9seaux mobiles. Ces proxys offrent une rotation IP dynamique, garantissant <strong>changements fr\u00e9quents d&#039;IP<\/strong> tout en pr\u00e9servant la l\u00e9gitimit\u00e9 des connexions mobiles r\u00e9elles.<\/p>\n\n\n\n<h4 class=\"wp-block-heading\"><strong>Caract\u00e9ristiques principales<\/strong><\/h4>\n\n\n\n<ul class=\"wp-block-list\">\n<li><strong>Protocoles :<\/strong> HTTP, SOCKS<\/li>\n\n\n\n<li><strong>Trafic:<\/strong> Paiement \u00e0 l&#039;utilisation ou abonnement<\/li>\n\n\n\n<li><strong>Taille du pool IP\u00a0:<\/strong> Plus de 5 millions d&#039;adresses IP mobiles<\/li>\n\n\n\n<li><strong>Rotation:<\/strong> Automatique (\u00e0 chaque demande ou timing r\u00e9glable)<\/li>\n\n\n\n<li><strong>Mod\u00e8les de tarification :<\/strong>\n<ul class=\"wp-block-list\">\n<li><strong>Paiement \u00e0 l&#039;utilisation :<\/strong> <strong>$8 par Go<\/strong><\/li>\n\n\n\n<li><strong>Abonnement:<\/strong> <strong>\u00c0 partir de $45\/mois pour 6 Go<\/strong> (\u00e9quivalent \u00e0 <strong>$7,50 par Go<\/strong>; plans sup\u00e9rieurs disponibles)<\/li>\n<\/ul>\n<\/li>\n\n\n\n<li><strong>Emplacements disponibles :<\/strong> Mondial <\/li>\n<\/ul>\n\n\n\n<figure class=\"wp-block-image size-large\"><a href=\"https:\/\/proxyboys.net\/fr\/go\/infatica\/\"><img decoding=\"async\" width=\"1280\" height=\"480\" src=\"https:\/\/proxyboys.net\/wp-content\/uploads\/2025\/02\/image-2-1280x480.png\" alt=\"Forfaits mobiles d&#039;Infatica\" class=\"wp-image-719\" title=\"\" srcset=\"https:\/\/proxyboys.net\/wp-content\/uploads\/2025\/02\/image-2-1280x480.png 1280w, https:\/\/proxyboys.net\/wp-content\/uploads\/2025\/02\/image-2-640x240.png 640w, https:\/\/proxyboys.net\/wp-content\/uploads\/2025\/02\/image-2-768x288.png 768w, https:\/\/proxyboys.net\/wp-content\/uploads\/2025\/02\/image-2-18x7.png 18w, https:\/\/proxyboys.net\/wp-content\/uploads\/2025\/02\/image-2.png 1316w\" sizes=\"(max-width: 1280px) 100vw, 1280px\" \/><\/a><\/figure>\n\n\n\n<p>Les proxys mobiles rotatifs sont une excellente option pour \u00e9viter les blocages et les captchas, car ils apparaissent comme de v\u00e9ritables utilisateurs mobiles. Ils sont largement utilis\u00e9s pour tester des applications, automatiser les r\u00e9seaux sociaux et contourner les restrictions g\u00e9ographiques. La combinaison de r\u00e9seaux mobiles et Wi-Fi offre une flexibilit\u00e9 suppl\u00e9mentaire dans les activit\u00e9s en ligne.<\/p>\n\n\n\n<p><strong>Avant d&#039;acheter<\/strong>:Pour \u00e9valuer Infatica.io <strong>r\u00e9seau proxy mobile<\/strong>, vous pouvez commencer avec leur <mark style=\"background-color:#7bdcb5\" class=\"has-inline-color\">Essai payant de 7 jours (1 Go pour $8)<\/mark>, disponible apr\u00e8s connexion \u00e0 leur plateforme. Cela vous permet de tester les performances et les param\u00e8tres de rotation avant de vous engager dans un plan plus important.<\/p>\n\n\n\n<div class=\"wp-block-buttons is-layout-flex wp-block-buttons-is-layout-flex\">\n<div class=\"wp-block-button\"><a class=\"wp-block-button__link wp-element-button\" href=\"https:\/\/proxyboys.net\/fr\/go\/infatica\/\">Obtenir des proxys mobiles<\/a><\/div>\n<\/div>\n\n\n\n<hr class=\"wp-block-separator has-alpha-channel-opacity\"\/>\n\n\n\n<h2 class=\"wp-block-heading\"><strong>R\u00e9flexions finales sur Infatica.io<\/strong><\/h2>\n\n\n\n<p>Infatica.io se distingue comme un <strong>fournisseur de proxy polyvalent<\/strong> avec une large s\u00e9lection de services, couvrant <strong>proxys rotatifs r\u00e9sidentiels, FAI statiques, mobiles et de centres de donn\u00e9es priv\u00e9s<\/strong>. La vari\u00e9t\u00e9 des options le rend adapt\u00e9 aux entreprises ayant des besoins diff\u00e9rents, qu&#039;il s&#039;agisse <strong>stabilit\u00e9 \u00e0 long terme, extraction de donn\u00e9es \u00e0 grande \u00e9chelle ou ciblage g\u00e9ographique pr\u00e9cis<\/strong>.<\/p>\n\n\n\n<p>Au-del\u00e0 des proxys, Infatica.io propose <strong>services de donn\u00e9es sp\u00e9cialis\u00e9s<\/strong> qui renforcent son attrait pour les entreprises ax\u00e9es sur l&#039;automatisation et l&#039;intelligence des donn\u00e9es. Il s&#039;agit notamment d&#039;un <strong>Web Scraper complet<\/strong> avec rendu JavaScript int\u00e9gr\u00e9 et rotation proxy, <strong>Scraping en tant que service<\/strong> pour une extraction de donn\u00e9es enti\u00e8rement g\u00e9r\u00e9e et un <strong>Scraper Web SERP<\/strong> con\u00e7u pour collecter des donn\u00e9es de moteurs de recherche de Google, Bing et Yahoo. De plus, leur <strong>Solution de donn\u00e9es Infatica<\/strong> fournit des outils de recherche de site personnalis\u00e9s et de d\u00e9couverte de donn\u00e9es.<\/p>\n\n\n\n<p>Un aspect important \u00e0 noter est <strong>Politique stricte KYC (Know Your Customer) d&#039;Infatica.io<\/strong>, qui s&#039;applique \u00e0 tous les clients. Cela garantit la conformit\u00e9 et emp\u00eache l&#039;utilisation abusive du service, mais cela signifie \u00e9galement que les utilisateurs doivent passer par une v\u00e9rification avant d&#039;acc\u00e9der pleinement \u00e0 la plateforme.<\/p>\n\n\n\n<p>Pour ceux qui cherchent \u00e0 explorer Infatica.io, le <strong>Essai payant de 7 jours<\/strong> (1 Go pour <strong>$8<\/strong>) fournit un bon point de d\u00e9part pour tester les performances avant de s&#039;engager dans un plan plus vaste.<\/p>","protected":false},"excerpt":{"rendered":"<p>Infatica.io \u2013 Global Proxy Provider with Business-Grade Solutions Founded in 2019 and headquartered in Singapore, Infatica.io provides rotating residential, static ISP, rotating mobile, and private static datacenter proxies for businesses and professionals who require large-scale data collection, automation, and geo-targeting. \u2705 7-day trial with 1GB included for just $8, allowing users to test services before [&hellip;]<\/p>\n","protected":false},"author":1,"featured_media":662,"parent":667,"menu_order":0,"comment_status":"closed","ping_status":"closed","template":"","meta":{"_acf_changed":false,"footnotes":""},"class_list":["post-649","page","type-page","status-publish","has-post-thumbnail","hentry"],"acf":[],"_links":{"self":[{"href":"https:\/\/proxyboys.net\/fr\/wp-json\/wp\/v2\/pages\/649","targetHints":{"allow":["GET"]}}],"collection":[{"href":"https:\/\/proxyboys.net\/fr\/wp-json\/wp\/v2\/pages"}],"about":[{"href":"https:\/\/proxyboys.net\/fr\/wp-json\/wp\/v2\/types\/page"}],"author":[{"embeddable":true,"href":"https:\/\/proxyboys.net\/fr\/wp-json\/wp\/v2\/users\/1"}],"replies":[{"embeddable":true,"href":"https:\/\/proxyboys.net\/fr\/wp-json\/wp\/v2\/comments?post=649"}],"version-history":[{"count":44,"href":"https:\/\/proxyboys.net\/fr\/wp-json\/wp\/v2\/pages\/649\/revisions"}],"predecessor-version":[{"id":722,"href":"https:\/\/proxyboys.net\/fr\/wp-json\/wp\/v2\/pages\/649\/revisions\/722"}],"up":[{"embeddable":true,"href":"https:\/\/proxyboys.net\/fr\/wp-json\/wp\/v2\/pages\/667"}],"wp:featuredmedia":[{"embeddable":true,"href":"https:\/\/proxyboys.net\/fr\/wp-json\/wp\/v2\/media\/662"}],"wp:attachment":[{"href":"https:\/\/proxyboys.net\/fr\/wp-json\/wp\/v2\/media?parent=649"}],"curies":[{"name":"wp","href":"https:\/\/api.w.org\/{rel}","templated":true}]}}