{"id":364,"date":"2024-12-24T04:27:30","date_gmt":"2024-12-24T04:27:30","guid":{"rendered":"https:\/\/proxyboys.net\/\/?page_id=364"},"modified":"2024-12-27T09:27:00","modified_gmt":"2024-12-27T09:27:00","slug":"about","status":"publish","type":"page","link":"https:\/\/proxyboys.net\/fr\/about\/","title":{"rendered":"\u00c0 propos de nous"},"content":{"rendered":"<p>Bienvenue chez ProxyBoys, votre destination ultime pour des services proxy fiables et \u00e0 jour. Chez ProxyBoys, nous nous sp\u00e9cialisons dans la conservation et la maintenance d&#039;une liste compl\u00e8te de proxys publics provenant de plusieurs plates-formes, garantissant ainsi que vous avez acc\u00e8s aux meilleures options pour une activit\u00e9 en ligne s\u00e9curis\u00e9e et efficace.<\/p>\n\n\n\n<h3 class=\"wp-block-heading\"><strong>Notre mission<\/strong><\/h3>\n\n\n\n<p>Notre mission est simple : permettre aux particuliers et aux entreprises d&#039;acc\u00e9der facilement \u00e0 des proxys de haute qualit\u00e9. Que vous soyez un d\u00e9veloppeur, un analyste de donn\u00e9es ou simplement quelqu&#039;un qui attache de l&#039;importance \u00e0 la confidentialit\u00e9 et \u00e0 la rapidit\u00e9, ProxyLister est l\u00e0 pour r\u00e9pondre \u00e0 vos besoins avec une plateforme conviviale et des proxys v\u00e9rifi\u00e9s par des experts.<\/p>\n\n\n\n<h3 class=\"wp-block-heading\"><strong>Ce que nous offrons<\/strong><\/h3>\n\n\n\n<ul class=\"wp-block-list\">\n<li><strong>Listes compl\u00e8tes de proxy<\/strong>:Acc\u00e9dez \u00e0 une grande vari\u00e9t\u00e9 de proxys publics, mis \u00e0 jour r\u00e9guli\u00e8rement pour garantir fonctionnalit\u00e9 et fiabilit\u00e9.<\/li>\n\n\n\n<li><strong>Plans gratuits et payants<\/strong>: Choisissez parmi notre liste de proxys gratuits ou passez \u00e0 un plan premium pour des proxys plus r\u00e9cents, des mises \u00e0 jour plus fr\u00e9quentes et des options de filtrage avanc\u00e9es.<\/li>\n\n\n\n<li><strong>Fonctionnalit\u00e9s centr\u00e9es sur l&#039;utilisateur<\/strong>:Outils de recherche, de filtrage et d&#039;exportation intuitifs pour trouver des proxys adapt\u00e9s \u00e0 vos besoins sp\u00e9cifiques.<\/li>\n<\/ul>\n\n\n\n<h3 class=\"wp-block-heading\"><strong>Pourquoi choisir ProxyLister ?<\/strong><\/h3>\n\n\n\n<ol class=\"wp-block-list\">\n<li><strong>Fiabilit\u00e9<\/strong>:Chaque proxy est test\u00e9 pour garantir les performances et la disponibilit\u00e9.<\/li>\n\n\n\n<li><strong>Transparence<\/strong>:Informations claires sur l&#039;emplacement, la vitesse et le type de chaque proxy.<\/li>\n\n\n\n<li><strong>S\u00e9curit\u00e9<\/strong>:Nos contr\u00f4les garantissent que les proxys r\u00e9pertori\u00e9s peuvent \u00eatre utilis\u00e9s en toute s\u00e9curit\u00e9.<\/li>\n\n\n\n<li><strong>Comp\u00e9tence<\/strong>: Soutenu par une \u00e9quipe de professionnels d\u00e9di\u00e9s au maintien des normes les plus \u00e9lev\u00e9es.<\/li>\n<\/ol>\n\n\n\n<h3 class=\"wp-block-heading\"><strong>Rejoignez-nous<\/strong><\/h3>\n\n\n\n<p>Que vous soyez un particulier explorant les proxys pour la premi\u00e8re fois ou un professionnel avec des exigences avanc\u00e9es, ProxyLister est votre partenaire de confiance pour naviguer dans le paysage des proxys.<\/p>\n\n\n\n<p>D\u00e9couvrez la diff\u00e9rence avec ProxyLister \u2013 parce que votre libert\u00e9 et votre efficacit\u00e9 en ligne comptent.<\/p>","protected":false},"excerpt":{"rendered":"<p>Welcome to ProxyBoys, your ultimate destination for reliable and up-to-date proxy services. At ProxyBoys, we specialize in curating and maintaining a comprehensive list of public proxies sourced from multiple platforms, ensuring that you have access to the best options for secure and efficient online activity. Our Mission Our mission is simple: to empower individuals and [&hellip;]<\/p>\n","protected":false},"author":1,"featured_media":0,"parent":0,"menu_order":0,"comment_status":"closed","ping_status":"closed","template":"","meta":{"_acf_changed":false,"footnotes":""},"class_list":["post-364","page","type-page","status-publish","hentry"],"acf":[],"_links":{"self":[{"href":"https:\/\/proxyboys.net\/fr\/wp-json\/wp\/v2\/pages\/364","targetHints":{"allow":["GET"]}}],"collection":[{"href":"https:\/\/proxyboys.net\/fr\/wp-json\/wp\/v2\/pages"}],"about":[{"href":"https:\/\/proxyboys.net\/fr\/wp-json\/wp\/v2\/types\/page"}],"author":[{"embeddable":true,"href":"https:\/\/proxyboys.net\/fr\/wp-json\/wp\/v2\/users\/1"}],"replies":[{"embeddable":true,"href":"https:\/\/proxyboys.net\/fr\/wp-json\/wp\/v2\/comments?post=364"}],"version-history":[{"count":3,"href":"https:\/\/proxyboys.net\/fr\/wp-json\/wp\/v2\/pages\/364\/revisions"}],"predecessor-version":[{"id":381,"href":"https:\/\/proxyboys.net\/fr\/wp-json\/wp\/v2\/pages\/364\/revisions\/381"}],"wp:attachment":[{"href":"https:\/\/proxyboys.net\/fr\/wp-json\/wp\/v2\/media?parent=364"}],"curies":[{"name":"wp","href":"https:\/\/api.w.org\/{rel}","templated":true}]}}